{"id":10027,"date":"2023-05-11T15:30:05","date_gmt":"2023-05-11T13:30:05","guid":{"rendered":"https:\/\/kajakaskaoprema.si\/?post_type=product&#038;p=10027"},"modified":"2025-11-19T07:53:45","modified_gmt":"2025-11-19T06:53:45","slug":"neoprenska-obleka-smiler-v-3","status":"publish","type":"product","link":"https:\/\/kajakaskaoprema.si\/en\/trgovina\/neoprenske-obleke\/neoprenska-obleka-smiler-v-3\/","title":{"rendered":"SMILER V.3 Long John"},"content":{"rendered":"<h1 data-start=\"305\" data-end=\"344\"><strong data-start=\"307\" data-end=\"344\">Neoprenska obleka HIKO Smiler V.3<\/strong><\/h1>\n<p data-start=\"346\" data-end=\"787\">Neoprenska obleka HIKO Smiler V.3 je izjemno robustna in topla obleka, zasnovana za <strong data-start=\"430\" data-end=\"464\">komercialni in zasebni rafting<\/strong>, canyoning ter zahtevne ture po divjih vodah. Narejena je za razmere, kjer so mraz, mo\u010dan tok in stik s skalami stalnica \u2013 zato zagotavlja visoko stopnjo za\u0161\u010dite, trajnosti in zanesljivosti. Tudi ko voda ledeno zmrzuje ali ko vas vodni\u010dar popelje \u010dez najte\u017eji val, Smiler poskrbi, da ostanete topli, varni in samozavestni.<\/p>\n<p data-start=\"789\" data-end=\"1122\">Obleka je zasnovana iz trpe\u017enih materialov <strong data-start=\"832\" data-end=\"853\">DuoBase 4.0 Alpha<\/strong> and <strong data-start=\"857\" data-end=\"879\">DuraBase 4.0 Alpha<\/strong>, ki zdru\u017eujejo 4 mm e.prene neopren in izjemno odporen najlonski zunanjostni sloj. To pomeni dolgoro\u010dno vzdr\u017eljivost, bolj\u0161o za\u0161\u010dito na izpostavljenih mestih ter zanesljivost pri intenzivni uporabi na divjih vodah, pri veslanju in canyoningu.<\/p>\n<h2 data-start=\"1124\" data-end=\"1175\"><strong data-start=\"1127\" data-end=\"1175\">Lastnosti neoprenske obleke HIKO Smiler V.3:<\/strong><\/h2>\n<ul data-start=\"1177\" data-end=\"1785\">\n<li data-start=\"1177\" data-end=\"1265\">\n<p data-start=\"1179\" data-end=\"1265\">Namenjena za rafting, canyoning, kajak na divjih vodah in zahtevne vodne aktivnosti.<\/p>\n<\/li>\n<li data-start=\"1266\" data-end=\"1375\">\n<p data-start=\"1268\" data-end=\"1375\">Izdelana iz <strong data-start=\"1280\" data-end=\"1301\">DuoBase 4.0 Alpha<\/strong> \u2013 4 mm e.prene neopren z udobno in trpe\u017eno notranjo in zunanjo podlogo.<\/p>\n<\/li>\n<li data-start=\"1376\" data-end=\"1475\">\n<p data-start=\"1378\" data-end=\"1475\">Kolena, goleni in sedalni del iz <strong data-start=\"1411\" data-end=\"1433\">DuraBase 4.0 Alpha<\/strong> z izjemno trpe\u017eno najlonsko oja\u010ditvijo.<\/p>\n<\/li>\n<li data-start=\"1476\" data-end=\"1547\">\n<p data-start=\"1478\" data-end=\"1547\">Oja\u010ditve omogo\u010dajo gladko drsenje po skalah, primerno za canyoning.<\/p>\n<\/li>\n<li data-start=\"1548\" data-end=\"1621\">\n<p data-start=\"1550\" data-end=\"1621\">Sprednja <strong data-start=\"1559\" data-end=\"1573\">YKK zadrga<\/strong> omogo\u010da udoben in zanesljiv vstop ter izstop.<\/p>\n<\/li>\n<li data-start=\"1622\" data-end=\"1702\">\n<p data-start=\"1624\" data-end=\"1702\">Zelo odporna obleka za ekstremne razmere in dolgotrajno komercialno uporabo.<\/p>\n<\/li>\n<li data-start=\"1703\" data-end=\"1785\">\n<p data-start=\"1705\" data-end=\"1785\">Odli\u010dna izbira za mrzlo vodo ter situacije, kjer je potrebna maksimalna za\u0161\u010dita.<\/p>\n<\/li>\n<\/ul>\n<h2 data-start=\"1787\" data-end=\"1811\"><strong data-start=\"1790\" data-end=\"1811\">Komu je primerna?<\/strong><\/h2>\n<p data-start=\"1813\" data-end=\"1861\">Neoprenska obleka HIKO Smiler V.3 je odli\u010dna za:<\/p>\n<ul data-start=\"1863\" data-end=\"2187\">\n<li data-start=\"1863\" data-end=\"1911\">\n<p data-start=\"1865\" data-end=\"1911\">komercialni rafting in profesionalne vodnike<\/p>\n<\/li>\n<li data-start=\"1912\" data-end=\"1956\">\n<p data-start=\"1914\" data-end=\"1956\">canyoning v zahtevnih terenskih razmerah<\/p>\n<\/li>\n<li data-start=\"1957\" data-end=\"1993\">\n<p data-start=\"1959\" data-end=\"1993\">kajak in rafting na divjih vodah<\/p>\n<\/li>\n<li data-start=\"1994\" data-end=\"2042\">\n<p data-start=\"1996\" data-end=\"2042\">bele vode, re\u010dne ture in hladno vodno okolje<\/p>\n<\/li>\n<li data-start=\"2043\" data-end=\"2118\">\n<p data-start=\"2045\" data-end=\"2118\">outdoor in turisti\u010dne centre, izposojevalnice ter adrenalinske programe<\/p>\n<\/li>\n<li data-start=\"2119\" data-end=\"2187\">\n<p data-start=\"2121\" data-end=\"2187\">uporabnike, ki i\u0161\u010dejo izjemno vzdr\u017eljiv, topel in za\u0161\u010ditni neopren<\/p>\n<\/li>\n<\/ul>\n<h2 data-start=\"2189\" data-end=\"2213\"><strong data-start=\"2192\" data-end=\"2213\">Notranja povezava<\/strong><\/h2>\n<p data-start=\"2215\" data-end=\"2329\">Oglejte si tudi ostale neoprenske obleke HIKO TUKAJ:<br data-start=\"2267\" data-end=\"2270\" \/><strong data-start=\"2270\" data-end=\"2329\"><a class=\"decorated-link\" href=\"https:\/\/kajakaskaoprema.si\/en\/kolekcije\/neoprenske-obleke\/\" target=\"_new\" rel=\"noopener\" data-start=\"2272\" data-end=\"2327\">https:\/\/kajakaskaoprema.si\/kolekcije\/neoprenske-obleke\/<\/a><\/strong><\/p>","protected":false},"excerpt":{"rendered":"<p>Izjemno trpe\u017ena 4 mm neoprenska obleka HIKO Smiler V.3 za rafting, canyoning in divje vode. Oja\u010dani deli, YKK zadrga in odli\u010dna toplota za hladno vodo.<\/p>","protected":false},"featured_media":10039,"comment_status":"open","ping_status":"closed","template":"","meta":{"_et_pb_use_builder":"","_et_pb_old_content":"","_et_gb_content_width":""},"product_brand":[],"product_cat":[540],"product_tag":[],"class_list":{"0":"post-10027","1":"product","2":"type-product","3":"status-publish","4":"has-post-thumbnail","6":"product_cat-neoprenske-obleke","7":"pa_barva-crna","9":"first","10":"instock","11":"shipping-taxable","12":"purchasable","13":"product-type-variable"},"yoast_head":"<!-- This site is optimized with the Yoast SEO plugin v27.0 - https:\/\/yoast.com\/product\/yoast-seo-wordpress\/ -->\n<title>Neoprenska obleka HIKO SMILER V.3 | Kajaka\u0161ka Oprema<\/title>\n<meta name=\"description\" content=\"Izjemno trpe\u017ena 4 mm neoprenska obleka HIKO Smiler V.3 za rafting, canyoning in divje vode. Oja\u010dani deli, YKK zadrga in odli\u010dna toplota za hladno vodo.\" \/>\n<meta name=\"robots\" content=\"index, follow, max-snippet:-1, max-image-preview:large, max-video-preview:-1\" \/>\n<link rel=\"canonical\" href=\"https:\/\/kajakaskaoprema.si\/en\/trgovina\/neoprenske-obleke\/neoprenska-obleka-smiler-v-3\/\" \/>\n<meta property=\"og:locale\" content=\"en_GB\" \/>\n<meta property=\"og:type\" content=\"article\" \/>\n<meta property=\"og:title\" content=\"Neoprenska obleka HIKO SMILER V.3 | Kajaka\u0161ka Oprema\" \/>\n<meta property=\"og:description\" content=\"Izjemno trpe\u017ena 4 mm neoprenska obleka HIKO Smiler V.3 za rafting, canyoning in divje vode. Oja\u010dani deli, YKK zadrga in odli\u010dna toplota za hladno vodo.\" \/>\n<meta property=\"og:url\" content=\"https:\/\/kajakaskaoprema.si\/en\/trgovina\/neoprenske-obleke\/neoprenska-obleka-smiler-v-3\/\" \/>\n<meta property=\"og:site_name\" content=\"Kajaka\u0161ka Oprema\" \/>\n<meta property=\"article:publisher\" content=\"https:\/\/www.facebook.com\/profile.php?id=100089048120006\" \/>\n<meta property=\"article:modified_time\" content=\"2025-11-19T06:53:45+00:00\" \/>\n<meta property=\"og:image\" content=\"https:\/\/kajakaskaoprema.si\/wp-content\/uploads\/2023\/05\/Untitled-design-8.webp\" \/>\n\t<meta property=\"og:image:width\" content=\"1000\" \/>\n\t<meta property=\"og:image:height\" content=\"1000\" \/>\n\t<meta property=\"og:image:type\" content=\"image\/webp\" \/>\n<meta name=\"twitter:card\" content=\"summary_large_image\" \/>\n<meta name=\"twitter:label1\" content=\"Estimated reading time\" \/>\n\t<meta name=\"twitter:data1\" content=\"2 minutes\" \/>\n<!-- \/ Yoast SEO plugin. -->","yoast_head_json":{"title":"Neoprenska obleka HIKO SMILER V.3 | Kajaka\u0161ka Oprema","description":"Izjemno trpe\u017ena 4 mm neoprenska obleka HIKO Smiler V.3 za rafting, canyoning in divje vode. Oja\u010dani deli, YKK zadrga in odli\u010dna toplota za hladno vodo.","robots":{"index":"index","follow":"follow","max-snippet":"max-snippet:-1","max-image-preview":"max-image-preview:large","max-video-preview":"max-video-preview:-1"},"canonical":"https:\/\/kajakaskaoprema.si\/en\/trgovina\/neoprenske-obleke\/neoprenska-obleka-smiler-v-3\/","og_locale":"en_GB","og_type":"article","og_title":"Neoprenska obleka HIKO SMILER V.3 | Kajaka\u0161ka Oprema","og_description":"Izjemno trpe\u017ena 4 mm neoprenska obleka HIKO Smiler V.3 za rafting, canyoning in divje vode. Oja\u010dani deli, YKK zadrga in odli\u010dna toplota za hladno vodo.","og_url":"https:\/\/kajakaskaoprema.si\/en\/trgovina\/neoprenske-obleke\/neoprenska-obleka-smiler-v-3\/","og_site_name":"Kajaka\u0161ka Oprema","article_publisher":"https:\/\/www.facebook.com\/profile.php?id=100089048120006","article_modified_time":"2025-11-19T06:53:45+00:00","og_image":[{"width":1000,"height":1000,"url":"https:\/\/kajakaskaoprema.si\/wp-content\/uploads\/2023\/05\/Untitled-design-8.webp","type":"image\/webp"}],"twitter_card":"summary_large_image","twitter_misc":{"Estimated reading time":"2 minutes"},"schema":{"@context":"https:\/\/schema.org","@graph":[{"@type":["WebPage","ItemPage"],"@id":"https:\/\/kajakaskaoprema.si\/trgovina\/neoprenske-obleke\/neoprenska-obleka-smiler-v-3\/","url":"https:\/\/kajakaskaoprema.si\/trgovina\/neoprenske-obleke\/neoprenska-obleka-smiler-v-3\/","name":"Neoprenska obleka HIKO SMILER V.3 | Kajaka\u0161ka Oprema","isPartOf":{"@id":"https:\/\/kajakaskaoprema.si\/#website"},"primaryImageOfPage":{"@id":"https:\/\/kajakaskaoprema.si\/trgovina\/neoprenske-obleke\/neoprenska-obleka-smiler-v-3\/#primaryimage"},"image":{"@id":"https:\/\/kajakaskaoprema.si\/trgovina\/neoprenske-obleke\/neoprenska-obleka-smiler-v-3\/#primaryimage"},"thumbnailUrl":"https:\/\/kajakaskaoprema.si\/wp-content\/uploads\/2023\/05\/Untitled-design-8.webp","datePublished":"2023-05-11T13:30:05+00:00","dateModified":"2025-11-19T06:53:45+00:00","description":"Izjemno trpe\u017ena 4 mm neoprenska obleka HIKO Smiler V.3 za rafting, canyoning in divje vode. Oja\u010dani deli, YKK zadrga in odli\u010dna toplota za hladno vodo.","breadcrumb":{"@id":"https:\/\/kajakaskaoprema.si\/trgovina\/neoprenske-obleke\/neoprenska-obleka-smiler-v-3\/#breadcrumb"},"inLanguage":"en-GB","potentialAction":[{"@type":"ReadAction","target":["https:\/\/kajakaskaoprema.si\/trgovina\/neoprenske-obleke\/neoprenska-obleka-smiler-v-3\/"]}]},{"@type":"ImageObject","inLanguage":"en-GB","@id":"https:\/\/kajakaskaoprema.si\/trgovina\/neoprenske-obleke\/neoprenska-obleka-smiler-v-3\/#primaryimage","url":"https:\/\/kajakaskaoprema.si\/wp-content\/uploads\/2023\/05\/Untitled-design-8.webp","contentUrl":"https:\/\/kajakaskaoprema.si\/wp-content\/uploads\/2023\/05\/Untitled-design-8.webp","width":1000,"height":1000,"caption":"HIKO Smiler V.3 neoprene long john wetsuit \u2013 front view, 4 mm e.prene suit for rafting, canyoning and whitewater kayaking"},{"@type":"BreadcrumbList","@id":"https:\/\/kajakaskaoprema.si\/trgovina\/neoprenske-obleke\/neoprenska-obleka-smiler-v-3\/#breadcrumb","itemListElement":[{"@type":"ListItem","position":1,"name":"Domov","item":"https:\/\/kajakaskaoprema.si\/"},{"@type":"ListItem","position":2,"name":"Trgovina","item":"https:\/\/kajakaskaoprema.si\/trgovina\/"},{"@type":"ListItem","position":3,"name":"Neoprenske obleke","item":"https:\/\/kajakaskaoprema.si\/kolekcije\/neoprenske-obleke\/"},{"@type":"ListItem","position":4,"name":"Neoprenska obleka HIKO SMILER V.3"}]},{"@type":"WebSite","@id":"https:\/\/kajakaskaoprema.si\/#website","url":"https:\/\/kajakaskaoprema.si\/","name":"Kajaka\u0161ka Oprema","description":"Spletna trgovina s kajaka\u0161ko opremo svetovno priznanih znamk. Idealno za vse ljubitelje adrenalina in vodnih \u0161portov.","publisher":{"@id":"https:\/\/kajakaskaoprema.si\/#organization"},"potentialAction":[{"@type":"SearchAction","target":{"@type":"EntryPoint","urlTemplate":"https:\/\/kajakaskaoprema.si\/?s={search_term_string}"},"query-input":{"@type":"PropertyValueSpecification","valueRequired":true,"valueName":"search_term_string"}}],"inLanguage":"en-GB"},{"@type":"Organization","@id":"https:\/\/kajakaskaoprema.si\/#organization","name":"Kajaka\u0161ka Oprema","url":"https:\/\/kajakaskaoprema.si\/","logo":{"@type":"ImageObject","inLanguage":"en-GB","@id":"https:\/\/kajakaskaoprema.si\/#\/schema\/logo\/image\/","url":"https:\/\/kajakaskaoprema.si\/wp-content\/uploads\/2022\/12\/Logo_Kajakaska-Oprema.png","contentUrl":"https:\/\/kajakaskaoprema.si\/wp-content\/uploads\/2022\/12\/Logo_Kajakaska-Oprema.png","width":250,"height":69,"caption":"Kajaka\u0161ka Oprema"},"image":{"@id":"https:\/\/kajakaskaoprema.si\/#\/schema\/logo\/image\/"},"sameAs":["https:\/\/www.facebook.com\/profile.php?id=100089048120006","https:\/\/www.instagram.com\/kajakaska_oprema\/?fbclid=IwAR2wP1CpCpqaC63UyJF_RvVrzwwz_bz6YVmg02z_LdA4tZuWdCWYKBih7zQ"]}]}},"_links":{"self":[{"href":"https:\/\/kajakaskaoprema.si\/en\/wp-json\/wp\/v2\/product\/10027","targetHints":{"allow":["GET"]}}],"collection":[{"href":"https:\/\/kajakaskaoprema.si\/en\/wp-json\/wp\/v2\/product"}],"about":[{"href":"https:\/\/kajakaskaoprema.si\/en\/wp-json\/wp\/v2\/types\/product"}],"replies":[{"embeddable":true,"href":"https:\/\/kajakaskaoprema.si\/en\/wp-json\/wp\/v2\/comments?post=10027"}],"wp:featuredmedia":[{"embeddable":true,"href":"https:\/\/kajakaskaoprema.si\/en\/wp-json\/wp\/v2\/media\/10039"}],"wp:attachment":[{"href":"https:\/\/kajakaskaoprema.si\/en\/wp-json\/wp\/v2\/media?parent=10027"}],"wp:term":[{"taxonomy":"product_brand","embeddable":true,"href":"https:\/\/kajakaskaoprema.si\/en\/wp-json\/wp\/v2\/product_brand?post=10027"},{"taxonomy":"product_cat","embeddable":true,"href":"https:\/\/kajakaskaoprema.si\/en\/wp-json\/wp\/v2\/product_cat?post=10027"},{"taxonomy":"product_tag","embeddable":true,"href":"https:\/\/kajakaskaoprema.si\/en\/wp-json\/wp\/v2\/product_tag?post=10027"}],"curies":[{"name":"wp","href":"https:\/\/api.w.org\/{rel}","templated":true}]}}