{"id":10018,"date":"2023-05-11T13:23:51","date_gmt":"2023-05-11T11:23:51","guid":{"rendered":"https:\/\/kajakaskaoprema.si\/?post_type=product&#038;p=10018"},"modified":"2025-03-20T21:40:00","modified_gmt":"2025-03-20T20:40:00","slug":"resevalna-vrv-throwline-20m","status":"publish","type":"product","link":"https:\/\/kajakaskaoprema.si\/en\/trgovina\/varovalna-oprema\/resevalna-vrv-throwline-20m\/","title":{"rendered":"THROW 20m Throw rope"},"content":{"rendered":"<p><strong>THROW 20m Throw rope<\/strong><\/p>\n<p>20m high visibility throw line.<\/p>\n<p>+ Foam on the bottom of the bag to provide buyoncy for the bag in water.<\/p>\n<p>+ High visibility yellow with a reflective stripe to aid in low visibility situations.<\/p>\n<p>+ 20m of red and yellow, 10mm, waterproof, floatable, polypropylene rope.<\/p>\n<p>+ Tensile strength 8000N.<\/p>\n<p>&nbsp;<\/p>","protected":false},"excerpt":{"rendered":"<p>Re\u0161evalna vrv HIKO THROWLINE 20m 20m visoko vidna re\u0161evalna vrv. + Pena na dnu vre\u010dke zagotavlja da se vre\u010da v vodi ne potopi. + Dobro vidna rumena barva z odsevnim trakom za pomo\u010d pri slabi vidljivosti. + 20m vodoodporne polipropilenske vrvi. + Natezna trdnost 8000 N. &nbsp;<\/p>","protected":false},"featured_media":10015,"comment_status":"open","ping_status":"closed","template":"","meta":{"_et_pb_use_builder":"","_et_pb_old_content":"","_et_gb_content_width":""},"product_brand":[],"product_cat":[539],"product_tag":[],"class_list":{"0":"post-10018","1":"product","2":"type-product","3":"status-publish","4":"has-post-thumbnail","6":"product_cat-varovalna-oprema","8":"first","9":"instock","10":"shipping-taxable","11":"purchasable","12":"product-type-simple"},"yoast_head":"<!-- This site is optimized with the Yoast SEO plugin v27.0 - https:\/\/yoast.com\/product\/yoast-seo-wordpress\/ -->\n<title>Re\u0161evalna vrv THROWLINE 20m | Kajaka\u0161ka Oprema<\/title>\n<meta name=\"description\" content=\"Re\u0161evalna vrv HIKO THROWLINE 20m 20m visoko vidna re\u0161evalna vrv. + Pena na dnu vre\u010dke zagotavlja da se vre\u010da v vodi ne potopi. + Dobro vidna rumena barva\" \/>\n<meta name=\"robots\" content=\"index, follow, max-snippet:-1, max-image-preview:large, max-video-preview:-1\" \/>\n<link rel=\"canonical\" href=\"https:\/\/kajakaskaoprema.si\/en\/trgovina\/varovalna-oprema\/resevalna-vrv-throwline-20m\/\" \/>\n<meta property=\"og:locale\" content=\"en_GB\" \/>\n<meta property=\"og:type\" content=\"article\" \/>\n<meta property=\"og:title\" content=\"Re\u0161evalna vrv THROWLINE 20m | Kajaka\u0161ka Oprema\" \/>\n<meta property=\"og:description\" content=\"Re\u0161evalna vrv HIKO THROWLINE 20m 20m visoko vidna re\u0161evalna vrv. + Pena na dnu vre\u010dke zagotavlja da se vre\u010da v vodi ne potopi. + Dobro vidna rumena barva\" \/>\n<meta property=\"og:url\" content=\"https:\/\/kajakaskaoprema.si\/en\/trgovina\/varovalna-oprema\/resevalna-vrv-throwline-20m\/\" \/>\n<meta property=\"og:site_name\" content=\"Kajaka\u0161ka Oprema\" \/>\n<meta property=\"article:publisher\" content=\"https:\/\/www.facebook.com\/profile.php?id=100089048120006\" \/>\n<meta property=\"article:modified_time\" content=\"2025-03-20T20:40:00+00:00\" \/>\n<meta property=\"og:image\" content=\"https:\/\/kajakaskaoprema.si\/wp-content\/uploads\/2023\/05\/ezgif.com-gif-maker-3.webp\" \/>\n\t<meta property=\"og:image:width\" content=\"1000\" \/>\n\t<meta property=\"og:image:height\" content=\"1000\" \/>\n\t<meta property=\"og:image:type\" content=\"image\/webp\" \/>\n<meta name=\"twitter:card\" content=\"summary_large_image\" \/>\n<meta name=\"twitter:label1\" content=\"Estimated reading time\" \/>\n\t<meta name=\"twitter:data1\" content=\"1 minute\" \/>\n<!-- \/ Yoast SEO plugin. -->","yoast_head_json":{"title":"Re\u0161evalna vrv THROWLINE 20m | Kajaka\u0161ka Oprema","description":"Re\u0161evalna vrv HIKO THROWLINE 20m 20m visoko vidna re\u0161evalna vrv. + Pena na dnu vre\u010dke zagotavlja da se vre\u010da v vodi ne potopi. + Dobro vidna rumena barva","robots":{"index":"index","follow":"follow","max-snippet":"max-snippet:-1","max-image-preview":"max-image-preview:large","max-video-preview":"max-video-preview:-1"},"canonical":"https:\/\/kajakaskaoprema.si\/en\/trgovina\/varovalna-oprema\/resevalna-vrv-throwline-20m\/","og_locale":"en_GB","og_type":"article","og_title":"Re\u0161evalna vrv THROWLINE 20m | Kajaka\u0161ka Oprema","og_description":"Re\u0161evalna vrv HIKO THROWLINE 20m 20m visoko vidna re\u0161evalna vrv. + Pena na dnu vre\u010dke zagotavlja da se vre\u010da v vodi ne potopi. + Dobro vidna rumena barva","og_url":"https:\/\/kajakaskaoprema.si\/en\/trgovina\/varovalna-oprema\/resevalna-vrv-throwline-20m\/","og_site_name":"Kajaka\u0161ka Oprema","article_publisher":"https:\/\/www.facebook.com\/profile.php?id=100089048120006","article_modified_time":"2025-03-20T20:40:00+00:00","og_image":[{"width":1000,"height":1000,"url":"https:\/\/kajakaskaoprema.si\/wp-content\/uploads\/2023\/05\/ezgif.com-gif-maker-3.webp","type":"image\/webp"}],"twitter_card":"summary_large_image","twitter_misc":{"Estimated reading time":"1 minute"},"schema":{"@context":"https:\/\/schema.org","@graph":[{"@type":["WebPage","ItemPage"],"@id":"https:\/\/kajakaskaoprema.si\/trgovina\/varovalna-oprema\/resevalna-vrv-throwline-20m\/","url":"https:\/\/kajakaskaoprema.si\/trgovina\/varovalna-oprema\/resevalna-vrv-throwline-20m\/","name":"Re\u0161evalna vrv THROWLINE 20m | Kajaka\u0161ka Oprema","isPartOf":{"@id":"https:\/\/kajakaskaoprema.si\/#website"},"primaryImageOfPage":{"@id":"https:\/\/kajakaskaoprema.si\/trgovina\/varovalna-oprema\/resevalna-vrv-throwline-20m\/#primaryimage"},"image":{"@id":"https:\/\/kajakaskaoprema.si\/trgovina\/varovalna-oprema\/resevalna-vrv-throwline-20m\/#primaryimage"},"thumbnailUrl":"https:\/\/kajakaskaoprema.si\/wp-content\/uploads\/2023\/05\/ezgif.com-gif-maker-3.webp","datePublished":"2023-05-11T11:23:51+00:00","dateModified":"2025-03-20T20:40:00+00:00","description":"Re\u0161evalna vrv HIKO THROWLINE 20m 20m visoko vidna re\u0161evalna vrv. + Pena na dnu vre\u010dke zagotavlja da se vre\u010da v vodi ne potopi. + Dobro vidna rumena barva","breadcrumb":{"@id":"https:\/\/kajakaskaoprema.si\/trgovina\/varovalna-oprema\/resevalna-vrv-throwline-20m\/#breadcrumb"},"inLanguage":"en-GB","potentialAction":[{"@type":"ReadAction","target":["https:\/\/kajakaskaoprema.si\/trgovina\/varovalna-oprema\/resevalna-vrv-throwline-20m\/"]}]},{"@type":"ImageObject","inLanguage":"en-GB","@id":"https:\/\/kajakaskaoprema.si\/trgovina\/varovalna-oprema\/resevalna-vrv-throwline-20m\/#primaryimage","url":"https:\/\/kajakaskaoprema.si\/wp-content\/uploads\/2023\/05\/ezgif.com-gif-maker-3.webp","contentUrl":"https:\/\/kajakaskaoprema.si\/wp-content\/uploads\/2023\/05\/ezgif.com-gif-maker-3.webp","width":1000,"height":1000},{"@type":"BreadcrumbList","@id":"https:\/\/kajakaskaoprema.si\/trgovina\/varovalna-oprema\/resevalna-vrv-throwline-20m\/#breadcrumb","itemListElement":[{"@type":"ListItem","position":1,"name":"Domov","item":"https:\/\/kajakaskaoprema.si\/"},{"@type":"ListItem","position":2,"name":"Trgovina","item":"https:\/\/kajakaskaoprema.si\/trgovina\/"},{"@type":"ListItem","position":3,"name":"Varovalna oprema","item":"https:\/\/kajakaskaoprema.si\/kolekcije\/varovalna-oprema\/"},{"@type":"ListItem","position":4,"name":"Re\u0161evalna vrv THROWLINE 20m"}]},{"@type":"WebSite","@id":"https:\/\/kajakaskaoprema.si\/#website","url":"https:\/\/kajakaskaoprema.si\/","name":"Kajaka\u0161ka Oprema","description":"Spletna trgovina s kajaka\u0161ko opremo svetovno priznanih znamk. Idealno za vse ljubitelje adrenalina in vodnih \u0161portov.","publisher":{"@id":"https:\/\/kajakaskaoprema.si\/#organization"},"potentialAction":[{"@type":"SearchAction","target":{"@type":"EntryPoint","urlTemplate":"https:\/\/kajakaskaoprema.si\/?s={search_term_string}"},"query-input":{"@type":"PropertyValueSpecification","valueRequired":true,"valueName":"search_term_string"}}],"inLanguage":"en-GB"},{"@type":"Organization","@id":"https:\/\/kajakaskaoprema.si\/#organization","name":"Kajaka\u0161ka Oprema","url":"https:\/\/kajakaskaoprema.si\/","logo":{"@type":"ImageObject","inLanguage":"en-GB","@id":"https:\/\/kajakaskaoprema.si\/#\/schema\/logo\/image\/","url":"https:\/\/kajakaskaoprema.si\/wp-content\/uploads\/2022\/12\/Logo_Kajakaska-Oprema.png","contentUrl":"https:\/\/kajakaskaoprema.si\/wp-content\/uploads\/2022\/12\/Logo_Kajakaska-Oprema.png","width":250,"height":69,"caption":"Kajaka\u0161ka Oprema"},"image":{"@id":"https:\/\/kajakaskaoprema.si\/#\/schema\/logo\/image\/"},"sameAs":["https:\/\/www.facebook.com\/profile.php?id=100089048120006","https:\/\/www.instagram.com\/kajakaska_oprema\/?fbclid=IwAR2wP1CpCpqaC63UyJF_RvVrzwwz_bz6YVmg02z_LdA4tZuWdCWYKBih7zQ"]}]}},"_links":{"self":[{"href":"https:\/\/kajakaskaoprema.si\/en\/wp-json\/wp\/v2\/product\/10018","targetHints":{"allow":["GET"]}}],"collection":[{"href":"https:\/\/kajakaskaoprema.si\/en\/wp-json\/wp\/v2\/product"}],"about":[{"href":"https:\/\/kajakaskaoprema.si\/en\/wp-json\/wp\/v2\/types\/product"}],"replies":[{"embeddable":true,"href":"https:\/\/kajakaskaoprema.si\/en\/wp-json\/wp\/v2\/comments?post=10018"}],"wp:featuredmedia":[{"embeddable":true,"href":"https:\/\/kajakaskaoprema.si\/en\/wp-json\/wp\/v2\/media\/10015"}],"wp:attachment":[{"href":"https:\/\/kajakaskaoprema.si\/en\/wp-json\/wp\/v2\/media?parent=10018"}],"wp:term":[{"taxonomy":"product_brand","embeddable":true,"href":"https:\/\/kajakaskaoprema.si\/en\/wp-json\/wp\/v2\/product_brand?post=10018"},{"taxonomy":"product_cat","embeddable":true,"href":"https:\/\/kajakaskaoprema.si\/en\/wp-json\/wp\/v2\/product_cat?post=10018"},{"taxonomy":"product_tag","embeddable":true,"href":"https:\/\/kajakaskaoprema.si\/en\/wp-json\/wp\/v2\/product_tag?post=10018"}],"curies":[{"name":"wp","href":"https:\/\/api.w.org\/{rel}","templated":true}]}}