{"id":11137,"date":"2025-05-11T14:24:16","date_gmt":"2025-05-11T12:24:16","guid":{"rendered":"https:\/\/kajakaskaoprema.si\/?page_id=11137"},"modified":"2025-12-31T15:41:24","modified_gmt":"2025-12-31T14:41:24","slug":"kolesarske-poti","status":"publish","type":"page","link":"https:\/\/kajakaskaoprema.si\/en\/kolesarske-poti\/","title":{"rendered":"Cycling routes"},"content":{"rendered":"<p>[et_pb_section fb_built=&#8221;1&#8243; admin_label=&#8221;section&#8221; _builder_version=&#8221;4.16&#8243; global_colors_info=&#8221;{}&#8221; min_height=&#8221;4815px&#8221;][et_pb_row disabled_on=&#8221;on|on|off&#8221; _builder_version=&#8221;4.27.5&#8243; _module_preset=&#8221;default&#8221; global_colors_info=&#8221;{}&#8221;][et_pb_column type=&#8221;4_4&#8243; _builder_version=&#8221;4.27.5&#8243; _module_preset=&#8221;default&#8221; global_colors_info=&#8221;{}&#8221;][et_pb_heading title=&#8221;kolesarske poti&#8221; _builder_version=&#8221;4.27.5&#8243; _module_preset=&#8221;default&#8221; title_font=&#8221;&#8211;et_global_heading_font|600||on|||||&#8221; title_text_align=&#8221;center&#8221; title_font_size=&#8221;60px&#8221; global_colors_info=&#8221;{}&#8221;][\/et_pb_heading][et_pb_heading title=&#8221;Bi radi kolesarili po vinorodni pokrajini Gori\u0161kih brd, ali pa se mogo\u010de zapeljali in osve\u017eili ob smaragdni reki So\u010di? No, potem ste na pravem mestu. Tukaj boste spoznali najlep\u0161e kolesarske poti v Gori\u0161ki regiji.&#8221; _builder_version=&#8221;4.27.5&#8243; _module_preset=&#8221;default&#8221; title_font=&#8221;&#8211;et_global_heading_font||||||||&#8221; title_font_size=&#8221;22px&#8221; background_color=&#8221;RGBA(255,255,255,0)&#8221; global_colors_info=&#8221;{}&#8221;][\/et_pb_heading][\/et_pb_column][\/et_pb_row][et_pb_row disabled_on=&#8221;off|off|on&#8221; _builder_version=&#8221;4.27.5&#8243; _module_preset=&#8221;default&#8221; global_colors_info=&#8221;{}&#8221;][et_pb_column type=&#8221;4_4&#8243; _builder_version=&#8221;4.27.5&#8243; _module_preset=&#8221;default&#8221; global_colors_info=&#8221;{}&#8221;][et_pb_heading title=&#8221;kolesarske poti&#8221; _builder_version=&#8221;4.27.5&#8243; _module_preset=&#8221;default&#8221; title_font=&#8221;&#8211;et_global_heading_font|600||on|||||&#8221; title_text_align=&#8221;center&#8221; title_font_size=&#8221;35px&#8221; global_colors_info=&#8221;{}&#8221;][\/et_pb_heading][et_pb_heading title=&#8221;Bi radi kolesarili po vinorodni pokrajini Gori\u0161kih brd, ali pa se mogo\u010de zapeljali in osve\u017eili ob smaragdni reki So\u010di? No, potem ste na pravem mestu. Tukaj boste spoznali najlep\u0161e kolesarske poti v Gori\u0161ki regiji.&#8221; _builder_version=&#8221;4.27.5&#8243; _module_preset=&#8221;default&#8221; title_level=&#8221;h2&#8243; title_font=&#8221;&#8211;et_global_heading_font|300|||||||&#8221; title_font_size=&#8221;17px&#8221; background_color=&#8221;RGBA(255,255,255,0)&#8221; global_colors_info=&#8221;{}&#8221;][\/et_pb_heading][\/et_pb_column][\/et_pb_row][et_pb_row column_structure=&#8221;1_2,1_2&#8243; _builder_version=&#8221;4.27.4&#8243; _module_preset=&#8221;default&#8221; global_colors_info=&#8221;{}&#8221;][et_pb_column type=&#8221;1_2&#8243; _builder_version=&#8221;4.27.4&#8243; _module_preset=&#8221;default&#8221; global_colors_info=&#8221;{}&#8221;][et_pb_heading title=&#8221;POT OB SO\u010cI IN V BRDA&#8221; _builder_version=&#8221;4.27.4&#8243; _module_preset=&#8221;default&#8221; title_font=&#8221;Poppins|700|||||||&#8221; title_font_size=&#8221;38px&#8221; global_colors_info=&#8221;{}&#8221;][\/et_pb_heading][et_pb_text _builder_version=&#8221;4.27.4&#8243; _module_preset=&#8221;default&#8221; text_font=&#8221;Poppins|300|||||||&#8221; text_letter_spacing=&#8221;0.5px&#8221; global_colors_info=&#8221;{}&#8221;]<\/p>\n<p class=\"p1\" style=\"text-align: justify;\"><span class=\"s1\">Ta \u010dudovita <\/span><span class=\"s2\">kro\u017ena kolesarska pot<\/span><span class=\"s1\"> se za\u010dne v <\/span><span class=\"s2\">Solkanu<\/span><span class=\"s1\">, kjer lahko prevzamete elektri\u010dna kolesa, in vas popelje \u010dez mejo, skozi slikovite vasi italijanskega Collia in nato nazaj v Gori\u0161ka Brda. Idealna za ljubitelje razgledov, narave in lokalne kulture!<\/span>\u00a0<span class=\"s3\"><\/span><\/p>\n<h3><span class=\"s1\">\ud83e\udded Potek poti:<\/span><span class=\"s3\"><\/span><\/h3>\n<ol start=\"1\">\n<li>\n<p class=\"p1\"><span class=\"s1\">Solkan<\/span><span class=\"s2\"> \u2013 izhodi\u0161\u010de in prevzem e-koles<\/span><\/p>\n<\/li>\n<li>\n<p class=\"p1\"><span class=\"s1\">Pevma \/ Piuma<\/span><span class=\"s2\"> \u2013 pre\u010dkate mejo v Italijo<\/span><\/p>\n<\/li>\n<li>\n<p class=\"p1\"><span class=\"s1\">Oslavje \/ Oslavia<\/span><span class=\"s2\"> \u2013 prve razglede na vinograde<\/span><\/p>\n<\/li>\n<li>\n<p class=\"p1\"><span class=\"s1\">Podsabotin<\/span><span class=\"s2\"> \u2013 vstop v Slovenijo in Gori\u0161ka Brda<\/span><\/p>\n<\/li>\n<li>\n<p class=\"p1\"><span class=\"s1\">San Floriano del Collio \/ \u0160teverjan<\/span><span class=\"s2\"> \u2013 slikovita italijanska vas<\/span><\/p>\n<\/li>\n<li>\n<p class=\"p1\"><span class=\"s1\">Vipol\u017ee<\/span><span class=\"s2\"> \u2013 ena najlep\u0161ih bri\u0161kih vasi, primerna za postanek<\/span><\/p>\n<\/li>\n<li>\n<p class=\"p1\"><span class=\"s1\">Kozana<\/span><span class=\"s2\"> \u2013 gri\u010devnata pokrajina obdana z vinogradi<\/span><\/p>\n<\/li>\n<li>\n<p class=\"p1\"><span class=\"s1\">\u0160martno<\/span><span class=\"s2\"> \u2013 zgodovinska vas z razgledno to\u010dko<\/span><\/p>\n<\/li>\n<li>\n<p class=\"p1\"><span class=\"s1\">Vrhovlje pri Ko\u017ebani<\/span><span class=\"s2\"> \u2013 razgledna to\u010dka z vrha<\/span><\/p>\n<\/li>\n<li>\n<p class=\"p1\"><span class=\"s1\">Plave<\/span><span class=\"s2\"> \u2013 spust proti dolini So\u010de<\/span><\/p>\n<\/li>\n<li>\n<p class=\"p1\"><span class=\"s1\">Ob reki So\u010di<\/span><span class=\"s2\"> \u2013 slikovita vo\u017enja ob reki<\/span><\/p>\n<\/li>\n<li>\n<p class=\"p1\"><span class=\"s1\">Nazaj v Solkan<\/span><span class=\"s2\"> \u2013 zaklju\u010dek poti in mo\u017enost okrep\u010dila<\/span><\/p>\n<\/li>\n<\/ol>\n<h3><span class=\"s1\">\ud83d\udccc Klju\u010dne to\u010dke na poti:<\/span><\/h3>\n<ul>\n<li>\n<p class=\"p1\"><span class=\"s1\">\u0160martno:<\/span><span class=\"s2\"> srednjeve\u0161ko jedro, galerije in doma\u010de dobrote<\/span><\/p>\n<\/li>\n<li>\n<p class=\"p1\"><span class=\"s1\">Kozana &amp; Vipol\u017ee:<\/span><span class=\"s2\"> vinske kleti in lokalne gostilne<\/span><\/p>\n<\/li>\n<li>\n<p class=\"p1\"><span class=\"s1\">Plave \u2013 Solkan:<\/span><span class=\"s2\"> vo\u017enja tik ob smaragdni So\u010di<\/span><\/p>\n<\/li>\n<li>\n<p class=\"p1\"><span class=\"s1\">Solkan:<\/span><span class=\"s2\"> most \u010dez So\u010do, za\u010detna in kon\u010dna to\u010dka poti<\/span><span class=\"s2\"><\/span><\/p>\n<\/li>\n<\/ul>\n<p><span class=\"s2\"><\/span><\/p>\n<h3><span class=\"s1\">\ud83d\udee0\ufe0f Tehni\u010dne podrobnosti:<\/span><\/h3>\n<ul>\n<li>\n<p class=\"p1\"><span class=\"s1\">Dol\u017eina:<\/span><span class=\"s2\"> cca 40 km<\/span><\/p>\n<\/li>\n<li>\n<p class=\"p1\"><span class=\"s1\">Trajanje:<\/span><span class=\"s2\"> 2,5 do 4 ure<\/span><\/p>\n<\/li>\n<li>\n<p class=\"p1\"><span class=\"s1\">Vi\u0161inska razlika:<\/span><span class=\"s2\"> nekaj vzponov (z e-kolesom nezahtevno)<\/span><\/p>\n<\/li>\n<li>\n<p class=\"p1\"><span class=\"s1\">Podlaga:<\/span><span class=\"s2\"> asfalt in lokalne ceste<\/span><\/p>\n<\/li>\n<li>\n<p class=\"p1\"><span class=\"s1\">Te\u017eavnost:<\/span><span class=\"s2\"> srednja \u2013 primerna tudi za manj izku\u0161ene kolesarje z e-kolesom<\/span><\/p>\n<\/li>\n<\/ul>\n<p>[\/et_pb_text][\/et_pb_column][et_pb_column type=&#8221;1_2&#8243; _builder_version=&#8221;4.27.4&#8243; _module_preset=&#8221;default&#8221; global_colors_info=&#8221;{}&#8221;][et_pb_gallery gallery_ids=&#8221;11173,11174,11156,11212,11213,11214,11215,11216&#8243; fullwidth=&#8221;on&#8221; _builder_version=&#8221;4.27.4&#8243; _module_preset=&#8221;default&#8221; title_text_color=&#8221;RGBA(255,255,255,0)&#8221; title_font_size=&#8221;1px&#8221; background_layout=&#8221;dark&#8221; global_colors_info=&#8221;{}&#8221;][\/et_pb_gallery][et_pb_text _builder_version=&#8221;4.27.4&#8243; _module_preset=&#8221;default&#8221; text_font=&#8221;Poppins|300|||||||&#8221; text_letter_spacing=&#8221;0.5px&#8221; global_colors_info=&#8221;{}&#8221;]<\/p>\n<p>Photo: Albert Knes<\/p>\n<p>[\/et_pb_text][et_pb_button button_url=&#8221;https:\/\/www.outdooractive.com\/en\/route\/bike-riding\/littoral\/slowenische-brda-italienische-colli-am-21.-august-2021\/221116548\/?utm_source=unknown&#038;utm_medium=social&#038;utm_campaign=user-shared-social-content&#8221; button_text=&#8221;PRIKAZ POTI&#8221; _builder_version=&#8221;4.27.4&#8243; _module_preset=&#8221;default&#8221; global_colors_info=&#8221;{}&#8221;][\/et_pb_button][\/et_pb_column][\/et_pb_row][et_pb_row column_structure=&#8221;1_2,1_2&#8243; _builder_version=&#8221;4.27.4&#8243; _module_preset=&#8221;default&#8221; global_colors_info=&#8221;{}&#8221;][et_pb_column type=&#8221;1_2&#8243; _builder_version=&#8221;4.27.4&#8243; _module_preset=&#8221;default&#8221; global_colors_info=&#8221;{}&#8221;][et_pb_heading title=&#8221;POT OB ITALIJANSKI MEJI&#8221; _builder_version=&#8221;4.27.4&#8243; _module_preset=&#8221;default&#8221; title_font=&#8221;Poppins|700|||||||&#8221; title_font_size=&#8221;38px&#8221; global_colors_info=&#8221;{}&#8221;][\/et_pb_heading][et_pb_text _builder_version=&#8221;4.27.4&#8243; _module_preset=&#8221;default&#8221; text_font=&#8221;Poppins|300|||||||&#8221; text_letter_spacing=&#8221;0.5px&#8221; global_colors_info=&#8221;{}&#8221;]<\/p>\n<p class=\"p1\"><span class=\"s1\">Ta lahka in slikovita <\/span><span class=\"s2\">kolesarska pot ob slovensko-italijanski meji<\/span><span class=\"s1\"> je idealna za dru\u017einski izlet ali spro\u0161\u010deno raziskovanje lokalne zgodovine in narave. S svojo razgibanostjo in kulturnimi zanimivostmi vas popelje od <\/span><span class=\"s2\">Solkana do Mirna in nazaj<\/span><span class=\"s1\">\u2013 mimo krajev, kjer se prepletata zgodovina in \u017eivljenje dveh dr\u017eav.<\/span><\/p>\n<p class=\"p2\"><span class=\"s3\"><\/span><\/p>\n<p class=\"p2\"><span class=\"s3\"><\/span><\/p>\n<h3><span class=\"s1\">\ud83d\udccd Osnovne informacije:<\/span><\/h3>\n<p class=\"p2\"><span class=\"s3\"><\/span><\/p>\n<ul>\n<li>\n<p class=\"p1\"><span class=\"s1\">Za\u010detna to\u010dka:<\/span><span class=\"s2\"> Solkan (Jo\u017ee Srebrni\u010d trg)<\/span><\/p>\n<\/li>\n<li>\n<p class=\"p1\"><span class=\"s1\">Dol\u017eina poti:<\/span><span class=\"s2\"> pribli\u017eno 25 km<\/span><\/p>\n<\/li>\n<li>\n<p class=\"p1\"><span class=\"s1\">Trajanje:<\/span><span class=\"s2\"> 1,5\u20132,5 ure<\/span><\/p>\n<\/li>\n<li>\n<p class=\"p1\"><span class=\"s1\">Te\u017eavnost:<\/span><span class=\"s2\"> lahka (primerna za vse starosti in dru\u017eine)<\/span><\/p>\n<\/li>\n<li>\n<p class=\"p1\"><span class=\"s1\">Podlaga:<\/span><span class=\"s2\"> urejene asfaltne poti, kolesarske steze, lokalne ceste<\/span><\/p>\n<\/li>\n<li>\n<p class=\"p1\"><span class=\"s1\">Tip poti:<\/span><span class=\"s2\"> kro\u017ena<\/span><\/p>\n<\/li>\n<\/ul>\n<p class=\"p2\"><span class=\"s3\"><\/span><\/p>\n<p class=\"p2\"><span class=\"s3\"><\/span><\/p>\n<h3><span class=\"s1\">\ud83d\uddfa\ufe0f Potek poti:<\/span><\/h3>\n<p class=\"p2\"><span class=\"s3\"><\/span><\/p>\n<ol start=\"1\">\n<li>\n<p class=\"p1\"><span class=\"s1\">Solkan<\/span><span class=\"s2\"> \u2013 izhodi\u0161\u010de in prevzem elektri\u010dnih koles<\/span><\/p>\n<\/li>\n<li>\n<p class=\"p1\"><span class=\"s1\">Nova Gorica<\/span><span class=\"s2\"> \u2013 vo\u017enja mimo \u017eelezni\u0161ke postaje in Trga Evrope<\/span><\/p>\n<\/li>\n<li>\n<p class=\"p1\"><span class=\"s1\">Gorica (Gorizia, IT)<\/span><span class=\"s2\"> \u2013 zgodovinska meja med vzhodom in zahodom<\/span><\/p>\n<\/li>\n<li>\n<p class=\"p1\"><span class=\"s1\">\u0160empeter pri Gorici<\/span><span class=\"s2\"> \u2013 priklju\u010ditev na obmejno kolesarsko pot<\/span><\/p>\n<\/li>\n<li>\n<p class=\"p1\"><span class=\"s1\">Vrtojba<\/span><span class=\"s2\"> \u2013 mirna vas z lepimi pogledi na vinograde<\/span><\/p>\n<\/li>\n<li>\n<p class=\"p1\"><span class=\"s1\">Miren<\/span><span class=\"s2\"> \u2013 vo\u017enja mimo stra\u017enega stolpa in muzeja ob meji<\/span><\/p>\n<\/li>\n<li>\n<p class=\"p1\"><span class=\"s1\">Biljenski gri\u010di<\/span><span class=\"s2\"> \u2013 najve\u010dji strnjen vinograd v Sloveniji<\/span><\/p>\n<\/li>\n<li>\n<p class=\"p1\"><span class=\"s1\">Nazaj proti Solkanu<\/span><span class=\"s2\"> \u2013 po kolesarski poti mimo Vrtojbe in Nove Gorice<\/span><\/p>\n<\/li>\n<\/ol>\n<p class=\"p2\"><span class=\"s3\"><\/span><\/p>\n<p class=\"p2\"><span class=\"s3\"><\/span><\/p>\n<h3><span class=\"s1\">\u2728 Kaj lahko pri\u010dakujete?<\/span><\/h3>\n<p class=\"p3\"><span class=\"s1\"><\/span><\/p>\n<p class=\"p1\"><span class=\"s1\">\u2705 Vo\u017enjo z eno nogo v Sloveniji, drugo v Italiji (Trg Evrope)<\/span><\/p>\n<p class=\"p1\"><span class=\"s1\">\u2705 Ustavite se ob <\/span><span class=\"s2\">najmanj\u0161em muzeju v Sloveniji<\/span><span class=\"s1\"> v stra\u017enem stolpu<\/span><\/p>\n<p class=\"p1\"><span class=\"s1\">\u2705 Mimo <\/span><span class=\"s2\">biljenskih gri\u010dev<\/span><span class=\"s1\"> \u2013 najve\u010djega vinograda v Sloveniji<\/span><\/p>\n<p class=\"p1\"><span class=\"s1\">\u2705 Mirne poti brez prometa \u2013 idealno za e-kolo in dru\u017einski izlet<\/span><\/p>\n<p class=\"p1\"><span class=\"s1\">\u2705 U\u017eivanje v \u010dudovitih pogledih na vinorodno pokrajino in kra\u0161ke robove<\/span><\/p>\n<p class=\"p2\"><span class=\"s3\"><\/span><\/p>\n<p class=\"p2\"><span class=\"s3\"><\/span><\/p>\n<h3><span class=\"s1\">\ud83d\udd52 Kdaj je najbolj\u0161i \u010das za vo\u017enjo?<\/span><\/h3>\n<p>\u00a0<span class=\"s1\"><\/span><\/p>\n<p class=\"p1\"><span class=\"s1\">Pot je primerna skozi vse leto \u2013 najlep\u0161a pa je <\/span><span class=\"s2\">spomladi<\/span><span class=\"s1\"> in <\/span><span class=\"s2\">jeseni<\/span><span class=\"s1\">, ko narava za\u017eari v \u017eivih barvah. Primerna tudi v poletni vro\u010dini, saj vklju\u010duje sen\u010dne odseke.<\/span><\/p>\n<p>[\/et_pb_text][\/et_pb_column][et_pb_column type=&#8221;1_2&#8243; _builder_version=&#8221;4.27.4&#8243; _module_preset=&#8221;default&#8221; global_colors_info=&#8221;{}&#8221;][et_pb_gallery gallery_ids=&#8221;11205,11201,11202,11203,11204&#8243; fullwidth=&#8221;on&#8221; _builder_version=&#8221;4.27.4&#8243; _module_preset=&#8221;default&#8221; global_colors_info=&#8221;{}&#8221;][\/et_pb_gallery][et_pb_text _builder_version=&#8221;4.27.4&#8243; _module_preset=&#8221;default&#8221; text_font=&#8221;Poppins|300|||||||&#8221; text_letter_spacing=&#8221;0.5px&#8221; global_colors_info=&#8221;{}&#8221;]<\/p>\n<p>Photo: Sonja Mu\u017eina<\/p>\n<p>[\/et_pb_text][et_pb_button button_url=&#8221;https:\/\/www.outdooractive.com\/en\/route\/bike-riding\/vipava-valley\/along-the-border\/801001605\/?utm_source=unknown&#038;utm_medium=social&#038;utm_campaign=user-shared-social-content#dmdtab=oax-tab1&#8243; button_text=&#8221;PRIKAZ POTI&#8221; _builder_version=&#8221;4.27.4&#8243; _module_preset=&#8221;default&#8221; global_colors_info=&#8221;{}&#8221;][\/et_pb_button][\/et_pb_column][\/et_pb_row][\/et_pb_section]<\/p>\n","protected":false},"excerpt":{"rendered":"<p>Ta \u010dudovita kro\u017ena kolesarska pot se za\u010dne v Solkanu, kjer lahko prevzamete elektri\u010dna kolesa, in vas popelje \u010dez mejo, skozi slikovite vasi italijanskega Collia in nato nazaj v Gori\u0161ka Brda. Idealna za ljubitelje razgledov, narave in lokalne kulture!\u00a0 \ud83e\udded Potek poti: Solkan \u2013 izhodi\u0161\u010de in prevzem e-koles Pevma \/ Piuma \u2013 pre\u010dkate mejo v Italijo [&hellip;]<\/p>\n","protected":false},"author":1,"featured_media":0,"parent":0,"menu_order":0,"comment_status":"closed","ping_status":"closed","template":"","meta":{"_et_pb_use_builder":"on","_et_pb_old_content":"","_et_gb_content_width":"","footnotes":""},"class_list":["post-11137","page","type-page","status-publish","hentry"],"yoast_head":"<!-- This site is optimized with the Yoast SEO plugin v27.0 - https:\/\/yoast.com\/product\/yoast-seo-wordpress\/ -->\n<title>Kolesarske poti | Gori\u0161ka Brda | So\u010da Valley | Nova Gorica<\/title>\n<meta name=\"description\" content=\"Bi radi kolesarili po Gori\u0161kih Brdih? Tukaj imate zbrane najlep\u0161e kolesarske poti na enem mestu.\" \/>\n<meta name=\"robots\" content=\"index, follow, max-snippet:-1, max-image-preview:large, max-video-preview:-1\" \/>\n<link rel=\"canonical\" href=\"https:\/\/kajakaskaoprema.si\/en\/kolesarske-poti\/\" \/>\n<meta property=\"og:locale\" content=\"en_GB\" \/>\n<meta property=\"og:type\" content=\"article\" \/>\n<meta property=\"og:title\" content=\"Kolesarske poti | Gori\u0161ka Brda | So\u010da Valley | Nova Gorica\" \/>\n<meta property=\"og:description\" content=\"Bi radi kolesarili po Gori\u0161kih Brdih? Tukaj imate zbrane najlep\u0161e kolesarske poti na enem mestu.\" \/>\n<meta property=\"og:url\" content=\"https:\/\/kajakaskaoprema.si\/en\/kolesarske-poti\/\" \/>\n<meta property=\"og:site_name\" content=\"Kajaka\u0161ka Oprema\" \/>\n<meta property=\"article:publisher\" content=\"https:\/\/www.facebook.com\/profile.php?id=100089048120006\" \/>\n<meta property=\"article:modified_time\" content=\"2025-12-31T14:41:24+00:00\" \/>\n<meta property=\"og:image\" content=\"https:\/\/kajakaskaoprema.si\/wp-content\/uploads\/2023\/06\/Kajakaska-Oprema-Featured.webp\" \/>\n\t<meta property=\"og:image:width\" content=\"1200\" \/>\n\t<meta property=\"og:image:height\" content=\"628\" \/>\n\t<meta property=\"og:image:type\" content=\"image\/webp\" \/>\n<meta name=\"twitter:card\" content=\"summary_large_image\" \/>\n<meta name=\"twitter:label1\" content=\"Estimated reading time\" \/>\n\t<meta name=\"twitter:data1\" content=\"5 minutes\" \/>\n<!-- \/ Yoast SEO plugin. -->","yoast_head_json":{"title":"Kolesarske poti | Gori\u0161ka Brda | So\u010da Valley | Nova Gorica","description":"Bi radi kolesarili po Gori\u0161kih Brdih? Tukaj imate zbrane najlep\u0161e kolesarske poti na enem mestu.","robots":{"index":"index","follow":"follow","max-snippet":"max-snippet:-1","max-image-preview":"max-image-preview:large","max-video-preview":"max-video-preview:-1"},"canonical":"https:\/\/kajakaskaoprema.si\/en\/kolesarske-poti\/","og_locale":"en_GB","og_type":"article","og_title":"Kolesarske poti | Gori\u0161ka Brda | So\u010da Valley | Nova Gorica","og_description":"Bi radi kolesarili po Gori\u0161kih Brdih? Tukaj imate zbrane najlep\u0161e kolesarske poti na enem mestu.","og_url":"https:\/\/kajakaskaoprema.si\/en\/kolesarske-poti\/","og_site_name":"Kajaka\u0161ka Oprema","article_publisher":"https:\/\/www.facebook.com\/profile.php?id=100089048120006","article_modified_time":"2025-12-31T14:41:24+00:00","og_image":[{"width":1200,"height":628,"url":"https:\/\/kajakaskaoprema.si\/wp-content\/uploads\/2023\/06\/Kajakaska-Oprema-Featured.webp","type":"image\/webp"}],"twitter_card":"summary_large_image","twitter_misc":{"Estimated reading time":"5 minutes"},"schema":{"@context":"https:\/\/schema.org","@graph":[{"@type":"WebPage","@id":"https:\/\/kajakaskaoprema.si\/kolesarske-poti\/","url":"https:\/\/kajakaskaoprema.si\/kolesarske-poti\/","name":"Kolesarske poti | Gori\u0161ka Brda | So\u010da Valley | Nova Gorica","isPartOf":{"@id":"https:\/\/kajakaskaoprema.si\/#website"},"datePublished":"2025-05-11T12:24:16+00:00","dateModified":"2025-12-31T14:41:24+00:00","description":"Bi radi kolesarili po Gori\u0161kih Brdih? Tukaj imate zbrane najlep\u0161e kolesarske poti na enem mestu.","breadcrumb":{"@id":"https:\/\/kajakaskaoprema.si\/kolesarske-poti\/#breadcrumb"},"inLanguage":"en-GB","potentialAction":[{"@type":"ReadAction","target":["https:\/\/kajakaskaoprema.si\/kolesarske-poti\/"]}]},{"@type":"BreadcrumbList","@id":"https:\/\/kajakaskaoprema.si\/kolesarske-poti\/#breadcrumb","itemListElement":[{"@type":"ListItem","position":1,"name":"Domov","item":"https:\/\/kajakaskaoprema.si\/"},{"@type":"ListItem","position":2,"name":"Kolesarske poti"}]},{"@type":"WebSite","@id":"https:\/\/kajakaskaoprema.si\/#website","url":"https:\/\/kajakaskaoprema.si\/","name":"Kajaka\u0161ka Oprema","description":"Spletna trgovina s kajaka\u0161ko opremo svetovno priznanih znamk. Idealno za vse ljubitelje adrenalina in vodnih \u0161portov.","publisher":{"@id":"https:\/\/kajakaskaoprema.si\/#organization"},"potentialAction":[{"@type":"SearchAction","target":{"@type":"EntryPoint","urlTemplate":"https:\/\/kajakaskaoprema.si\/?s={search_term_string}"},"query-input":{"@type":"PropertyValueSpecification","valueRequired":true,"valueName":"search_term_string"}}],"inLanguage":"en-GB"},{"@type":"Organization","@id":"https:\/\/kajakaskaoprema.si\/#organization","name":"Kajaka\u0161ka Oprema","url":"https:\/\/kajakaskaoprema.si\/","logo":{"@type":"ImageObject","inLanguage":"en-GB","@id":"https:\/\/kajakaskaoprema.si\/#\/schema\/logo\/image\/","url":"https:\/\/kajakaskaoprema.si\/wp-content\/uploads\/2022\/12\/Logo_Kajakaska-Oprema.png","contentUrl":"https:\/\/kajakaskaoprema.si\/wp-content\/uploads\/2022\/12\/Logo_Kajakaska-Oprema.png","width":250,"height":69,"caption":"Kajaka\u0161ka Oprema"},"image":{"@id":"https:\/\/kajakaskaoprema.si\/#\/schema\/logo\/image\/"},"sameAs":["https:\/\/www.facebook.com\/profile.php?id=100089048120006","https:\/\/www.instagram.com\/kajakaska_oprema\/?fbclid=IwAR2wP1CpCpqaC63UyJF_RvVrzwwz_bz6YVmg02z_LdA4tZuWdCWYKBih7zQ"]}]}},"_links":{"self":[{"href":"https:\/\/kajakaskaoprema.si\/en\/wp-json\/wp\/v2\/pages\/11137","targetHints":{"allow":["GET"]}}],"collection":[{"href":"https:\/\/kajakaskaoprema.si\/en\/wp-json\/wp\/v2\/pages"}],"about":[{"href":"https:\/\/kajakaskaoprema.si\/en\/wp-json\/wp\/v2\/types\/page"}],"author":[{"embeddable":true,"href":"https:\/\/kajakaskaoprema.si\/en\/wp-json\/wp\/v2\/users\/1"}],"replies":[{"embeddable":true,"href":"https:\/\/kajakaskaoprema.si\/en\/wp-json\/wp\/v2\/comments?post=11137"}],"version-history":[{"count":5,"href":"https:\/\/kajakaskaoprema.si\/en\/wp-json\/wp\/v2\/pages\/11137\/revisions"}],"predecessor-version":[{"id":12043,"href":"https:\/\/kajakaskaoprema.si\/en\/wp-json\/wp\/v2\/pages\/11137\/revisions\/12043"}],"wp:attachment":[{"href":"https:\/\/kajakaskaoprema.si\/en\/wp-json\/wp\/v2\/media?parent=11137"}],"curies":[{"name":"wp","href":"https:\/\/api.w.org\/{rel}","templated":true}]}}